{"id":17025,"date":"2026-04-07T12:16:17","date_gmt":"2026-04-07T10:16:17","guid":{"rendered":"https:\/\/torreviejasportscity.com\/?page_id=17025"},"modified":"2026-04-09T13:03:03","modified_gmt":"2026-04-09T11:03:03","slug":"pabellon-maria-jesus-viuda","status":"publish","type":"page","link":"https:\/\/torreviejasportscity.com\/en\/pabellon-maria-jesus-viuda\/","title":{"rendered":"(Espa\u00f1ol) Pabell\u00f3n Mar\u00eda Jes\u00fas Viuda"},"content":{"rendered":"<p class=\"qtranxs-available-languages-message qtranxs-available-languages-message-en\">Sorry, this entry is only available in <a href=\"https:\/\/torreviejasportscity.com\/es\/wp-json\/wp\/v2\/pages\/17025\" class=\"qtranxs-available-language-link qtranxs-available-language-link-es\" title=\"Espa\u00f1ol\">Espa\u00f1ol<\/a>.<\/p>","protected":false},"excerpt":{"rendered":"<p>Sorry, this entry is only available in Espa\u00f1ol.<\/p>\n","protected":false},"author":7,"featured_media":17023,"parent":0,"menu_order":0,"comment_status":"closed","ping_status":"closed","template":"","meta":{"_vp_format_video_url":"","_vp_image_focal_point":[],"footnotes":""},"class_list":["post-17025","page","type-page","status-publish","has-post-thumbnail","hentry"],"yoast_head":"<!-- This site is optimized with the Yoast SEO plugin v26.2 - https:\/\/yoast.com\/wordpress\/plugins\/seo\/ -->\n<title><\/title>\n<meta name=\"robots\" content=\"index, follow, max-snippet:-1, max-image-preview:large, max-video-preview:-1\" \/>\n<link rel=\"canonical\" href=\"https:\/\/torreviejasportscity.com\/pabellon-maria-jesus-viuda\/\" \/>\n<meta property=\"og:locale\" content=\"en_US\" \/>\n<meta property=\"og:type\" content=\"article\" \/>\n<meta property=\"og:title\" content=\"[:es]Pabell\u00f3n Mar\u00eda Jes\u00fas Viuda[:] - Torrevieja sports city\" \/>\n<meta property=\"og:description\" content=\"Sorry, this entry is only available in Espa\u00f1ol.\" \/>\n<meta property=\"og:url\" content=\"https:\/\/torreviejasportscity.com\/pabellon-maria-jesus-viuda\/\" \/>\n<meta property=\"og:site_name\" content=\"Torrevieja sports city\" \/>\n<meta property=\"article:modified_time\" content=\"2026-04-09T11:03:03+00:00\" \/>\n<meta property=\"og:image\" content=\"https:\/\/torreviejasportscity.com\/wp-content\/uploads\/2026\/04\/IMG_9334.jpeg\" \/>\n\t<meta property=\"og:image:width\" content=\"1969\" \/>\n\t<meta property=\"og:image:height\" content=\"1118\" \/>\n\t<meta property=\"og:image:type\" content=\"image\/jpeg\" \/>\n<meta name=\"twitter:card\" content=\"summary_large_image\" \/>\n<meta name=\"twitter:label1\" content=\"Est. reading time\" \/>\n\t<meta name=\"twitter:data1\" content=\"1 minute\" \/>\n<script type=\"application\/ld+json\" class=\"yoast-schema-graph\">{\"@context\":\"https:\/\/schema.org\",\"@graph\":[{\"@type\":\"WebPage\",\"@id\":\"https:\/\/torreviejasportscity.com\/pabellon-maria-jesus-viuda\/\",\"url\":\"https:\/\/torreviejasportscity.com\/pabellon-maria-jesus-viuda\/\",\"name\":\"[:es]Pabell\u00f3n Mar\u00eda Jes\u00fas Viuda[:] - Torrevieja sports city\",\"isPartOf\":{\"@id\":\"https:\/\/torreviejasportscity.com\/#website\"},\"primaryImageOfPage\":{\"@id\":\"https:\/\/torreviejasportscity.com\/pabellon-maria-jesus-viuda\/#primaryimage\"},\"image\":{\"@id\":\"https:\/\/torreviejasportscity.com\/pabellon-maria-jesus-viuda\/#primaryimage\"},\"thumbnailUrl\":\"https:\/\/torreviejasportscity.com\/wp-content\/uploads\/2026\/04\/IMG_9334.jpeg\",\"datePublished\":\"2026-04-07T10:16:17+00:00\",\"dateModified\":\"2026-04-09T11:03:03+00:00\",\"breadcrumb\":{\"@id\":\"https:\/\/torreviejasportscity.com\/pabellon-maria-jesus-viuda\/#breadcrumb\"},\"inLanguage\":\"en-US\",\"potentialAction\":[{\"@type\":\"ReadAction\",\"target\":[\"https:\/\/torreviejasportscity.com\/pabellon-maria-jesus-viuda\/\"]}]},{\"@type\":\"ImageObject\",\"inLanguage\":\"en-US\",\"@id\":\"https:\/\/torreviejasportscity.com\/pabellon-maria-jesus-viuda\/#primaryimage\",\"url\":\"https:\/\/torreviejasportscity.com\/wp-content\/uploads\/2026\/04\/IMG_9334.jpeg\",\"contentUrl\":\"https:\/\/torreviejasportscity.com\/wp-content\/uploads\/2026\/04\/IMG_9334.jpeg\",\"width\":1969,\"height\":1118,\"caption\":\"Screenshot\"},{\"@type\":\"BreadcrumbList\",\"@id\":\"https:\/\/torreviejasportscity.com\/pabellon-maria-jesus-viuda\/#breadcrumb\",\"itemListElement\":[{\"@type\":\"ListItem\",\"position\":1,\"name\":\"Home\",\"item\":\"https:\/\/torreviejasportscity.com\/\"},{\"@type\":\"ListItem\",\"position\":2,\"name\":\"Pabell\u00f3n Mar\u00eda Jes\u00fas Viuda\"}]},{\"@type\":\"WebSite\",\"@id\":\"https:\/\/torreviejasportscity.com\/#website\",\"url\":\"https:\/\/torreviejasportscity.com\/\",\"name\":\"Torrevieja sports city\",\"description\":\"Torrevieja Ciudad del deporte\",\"potentialAction\":[{\"@type\":\"SearchAction\",\"target\":{\"@type\":\"EntryPoint\",\"urlTemplate\":\"https:\/\/torreviejasportscity.com\/?s={search_term_string}\"},\"query-input\":{\"@type\":\"PropertyValueSpecification\",\"valueRequired\":true,\"valueName\":\"search_term_string\"}}],\"inLanguage\":\"en-US\"}]}<\/script>\n<!-- \/ Yoast SEO plugin. -->","yoast_head_json":{"title":"[:es]Pabell\u00f3n Mar\u00eda Jes\u00fas Viuda[:] - Torrevieja sports city","robots":{"index":"index","follow":"follow","max-snippet":"max-snippet:-1","max-image-preview":"max-image-preview:large","max-video-preview":"max-video-preview:-1"},"canonical":"https:\/\/torreviejasportscity.com\/pabellon-maria-jesus-viuda\/","og_locale":"en_US","og_type":"article","og_title":"[:es]Pabell\u00f3n Mar\u00eda Jes\u00fas Viuda[:] - Torrevieja sports city","og_description":"Sorry, this entry is only available in Espa\u00f1ol.","og_url":"https:\/\/torreviejasportscity.com\/pabellon-maria-jesus-viuda\/","og_site_name":"Torrevieja sports city","article_modified_time":"2026-04-09T11:03:03+00:00","og_image":[{"width":1969,"height":1118,"url":"https:\/\/torreviejasportscity.com\/wp-content\/uploads\/2026\/04\/IMG_9334.jpeg","type":"image\/jpeg"}],"twitter_card":"summary_large_image","twitter_misc":{"Est. reading time":"1 minute"},"schema":{"@context":"https:\/\/schema.org","@graph":[{"@type":"WebPage","@id":"https:\/\/torreviejasportscity.com\/pabellon-maria-jesus-viuda\/","url":"https:\/\/torreviejasportscity.com\/pabellon-maria-jesus-viuda\/","name":"[:es]Pabell\u00f3n Mar\u00eda Jes\u00fas Viuda[:] - Torrevieja sports city","isPartOf":{"@id":"https:\/\/torreviejasportscity.com\/#website"},"primaryImageOfPage":{"@id":"https:\/\/torreviejasportscity.com\/pabellon-maria-jesus-viuda\/#primaryimage"},"image":{"@id":"https:\/\/torreviejasportscity.com\/pabellon-maria-jesus-viuda\/#primaryimage"},"thumbnailUrl":"https:\/\/torreviejasportscity.com\/wp-content\/uploads\/2026\/04\/IMG_9334.jpeg","datePublished":"2026-04-07T10:16:17+00:00","dateModified":"2026-04-09T11:03:03+00:00","breadcrumb":{"@id":"https:\/\/torreviejasportscity.com\/pabellon-maria-jesus-viuda\/#breadcrumb"},"inLanguage":"en-US","potentialAction":[{"@type":"ReadAction","target":["https:\/\/torreviejasportscity.com\/pabellon-maria-jesus-viuda\/"]}]},{"@type":"ImageObject","inLanguage":"en-US","@id":"https:\/\/torreviejasportscity.com\/pabellon-maria-jesus-viuda\/#primaryimage","url":"https:\/\/torreviejasportscity.com\/wp-content\/uploads\/2026\/04\/IMG_9334.jpeg","contentUrl":"https:\/\/torreviejasportscity.com\/wp-content\/uploads\/2026\/04\/IMG_9334.jpeg","width":1969,"height":1118,"caption":"Screenshot"},{"@type":"BreadcrumbList","@id":"https:\/\/torreviejasportscity.com\/pabellon-maria-jesus-viuda\/#breadcrumb","itemListElement":[{"@type":"ListItem","position":1,"name":"Home","item":"https:\/\/torreviejasportscity.com\/"},{"@type":"ListItem","position":2,"name":"Pabell\u00f3n Mar\u00eda Jes\u00fas Viuda"}]},{"@type":"WebSite","@id":"https:\/\/torreviejasportscity.com\/#website","url":"https:\/\/torreviejasportscity.com\/","name":"Torrevieja sports city","description":"Torrevieja Ciudad del deporte","potentialAction":[{"@type":"SearchAction","target":{"@type":"EntryPoint","urlTemplate":"https:\/\/torreviejasportscity.com\/?s={search_term_string}"},"query-input":{"@type":"PropertyValueSpecification","valueRequired":true,"valueName":"search_term_string"}}],"inLanguage":"en-US"}]}},"_links":{"self":[{"href":"https:\/\/torreviejasportscity.com\/en\/wp-json\/wp\/v2\/pages\/17025","targetHints":{"allow":["GET"]}}],"collection":[{"href":"https:\/\/torreviejasportscity.com\/en\/wp-json\/wp\/v2\/pages"}],"about":[{"href":"https:\/\/torreviejasportscity.com\/en\/wp-json\/wp\/v2\/types\/page"}],"author":[{"embeddable":true,"href":"https:\/\/torreviejasportscity.com\/en\/wp-json\/wp\/v2\/users\/7"}],"replies":[{"embeddable":true,"href":"https:\/\/torreviejasportscity.com\/en\/wp-json\/wp\/v2\/comments?post=17025"}],"version-history":[{"count":3,"href":"https:\/\/torreviejasportscity.com\/en\/wp-json\/wp\/v2\/pages\/17025\/revisions"}],"predecessor-version":[{"id":17226,"href":"https:\/\/torreviejasportscity.com\/en\/wp-json\/wp\/v2\/pages\/17025\/revisions\/17226"}],"wp:featuredmedia":[{"embeddable":true,"href":"https:\/\/torreviejasportscity.com\/en\/wp-json\/wp\/v2\/media\/17023"}],"wp:attachment":[{"href":"https:\/\/torreviejasportscity.com\/en\/wp-json\/wp\/v2\/media?parent=17025"}],"curies":[{"name":"wp","href":"https:\/\/api.w.org\/{rel}","templated":true}]}}