{"id":7421,"date":"2018-11-23T10:55:31","date_gmt":"2018-11-23T10:55:31","guid":{"rendered":"http:\/\/torreviejasportscity.com\/?page_id=7421"},"modified":"2018-11-23T10:55:31","modified_gmt":"2018-11-23T10:55:31","slug":"natacion","status":"publish","type":"page","link":"https:\/\/torreviejasportscity.com\/en\/natacion\/","title":{"rendered":"Nataci\u00f3n"},"content":{"rendered":"<style type=\"text\/css\"><\/style><fieldset style=\"border: 6px solid #ececec; width:925px; margin-bottom:20px; -moz-box-shadow: 5px 5px 4px #b3b3b4; -webkit-box-shadow: 5px 5px 4px #b3b3b4; box-shadow: 5px 5px 4px #b3b3b4;\">\n<legend style=\"font-size:24px; color:#434345\"> Descripci\u00f3n <\/legend>\n<table style=\"padding:15px\" width=\"920px\" align=\"center\">\n<tbody>\n<tr>\n<td style=\"font-weight:bold; padding-left:8px; vertical-align:top; color:#000033; font-size:14px; margin-bottom:10px; margin-top:10px\">\n<div align=\"justify\">\nLa Ciudad Deportiva de Torrevieja dispone de una piscina Ol\u00edmpica cubierta de 50 metros, con 8 calles y corcheras anti-olas, preparada para las m\u00e1s exigentes competiciones. En esta piscina se pueden realizar los entrenamientos y competiciones de toda \u00edndole, desde equipos de base hasta la \u00e9lite deportiva. Los grupos deportivos encuentran en la piscina cubierta y las instalaciones disponibles en la Ciudad Deportiva (gimnasio, pista de atletismo, etc), un entorno ideal y privilegiado para el entrenamiento y la preparaci\u00f3n de competiciones. La Ciudad Deportiva, dispone adem\u00e1s de 2 piscinas exteriores, una de 25 metros destinada a la nataci\u00f3n y otra destinada a la ense\u00f1anza de la base para la nataci\u00f3n y actividades acu\u00e1ticas complementarias, tales como Aquagym, rehabilitaci\u00f3n, cursos de nataci\u00f3n, etc. La nataci\u00f3n en aguas abiertas, tiene tambi\u00e9n en Torrevieja un lugar ideal para su pr\u00e1ctica y entrenamiento, la benignidad del clima y el entorno natural y la colaboraci\u00f3n de asociaciones deportivas mar\u00edtimas, acoge entrenamientos y varias pruebas de nataci\u00f3n en aguas abiertas por su litoral <\/div>\n<\/td>\n<\/tr>\n<\/tbody>\n<\/table>\n<\/fieldset>\n<p>&nbsp;<\/p>\n<fieldset style=\"border: 6px solid #ececec; width:925px; margin-bottom:20px; -moz-box-shadow: 5px 5px 4px #b3b3b4; -webkit-box-shadow: 5px 5px 4px #b3b3b4; box-shadow: 5px 5px 4px #b3b3b4;\">\n<legend style=\"font-size:24px; color:#434345\"> Instalaciones <\/legend>\n<table style=\"padding:15px\" width=\"920px\" align=\"center\">\n<tbody>\n<tr>\n<td style=\"margin-bottom:10px; margin-top:10px\">\n<div style=\"float:left; width:135px; padding:5px 5px 5px 5px; text-align:center\"><a href=\"http:\/\/www.torreviejasportscity.com\/?page_id=380&amp;lang=es&amp;id=2\"><img decoding=\"async\" style=\"width:140px\" src=\"wp-content\/uploads\/empresas\/iconoceciliogallego.jpg\"><\/a><span style=\"font-size:12px; color:#000033\"><\/span><\/div>\n<div style=\"float:left; width:135px; padding:5px 5px 5px 5px; text-align:center\"><a href=\"http:\/\/www.torreviejasportscity.com\/?page_id=380&amp;lang=es&amp;id=1\"><img decoding=\"async\" style=\"width:140px\" src=\"wp-content\/uploads\/empresas\/iconopalacio.jpg\"><\/a><span style=\"font-size:12px; color:#000033\"><\/span><\/div>\n<\/td>\n<\/tr>\n<\/tbody>\n<\/table>\n<\/fieldset>\n<p>&nbsp;<\/p>\n<fieldset style=\"border: 6px solid #ececec; width:925px; margin-bottom:20px; -moz-box-shadow: 5px 5px 4px #b3b3b4; -webkit-box-shadow: 5px 5px 4px #b3b3b4; box-shadow: 5px 5px 4px #b3b3b4;\">\n<legend style=\"font-size:24px; color:#434345\"> Precios y Tarifas<\/legend>\n<table style=\"padding:15px\" width=\"920px\" align=\"center\">\n<tbody>\n<tr>\n<td style=\"font-weight:bold; padding-left:8px; vertical-align:top; color:#000033; font-size:14px; margin-bottom:10px; margin-top:10px\">Precios por hora.<\/p>\n<dl>\n<dt>Alquiler de calle completa = 20 Euros.<\/dt>\n<\/dl>\n<p>Precios por hora.<\/p>\n<dl>\n<dt>Precio General = 3 Euros.<\/dt>\n<dt>Precio Especial = 2 Euros.<\/dt>\n<dt>Bono General 20 Ba\u00f1os = 40 Euros.<\/dt>\n<dt>Bono Especial 20 Ba\u00f1os = 20 Euros.<\/dt>\n<\/dl>\n<\/td>\n<\/tr>\n<tr>\n<td>* Para cualquier solicitud de informaci\u00f3n adicional o reserva de instalaciones  enviar E-mail.<\/td>\n<\/tr>\n<\/tbody>\n<\/table>\n<\/fieldset>\n","protected":false},"excerpt":{"rendered":"<p>Descripci\u00f3n La Ciudad Deportiva de Torrevieja dispone de una piscina Ol\u00edmpica cubierta de 50 metros, con 8 calles y corcheras anti-olas, preparada para las m\u00e1s exigentes competiciones. En esta piscina se pueden realizar los entrenamientos y competiciones de toda \u00edndole, desde equipos de base hasta la \u00e9lite deportiva. Los grupos deportivos encuentran en la piscina&#8230;<\/p>\n","protected":false},"author":1,"featured_media":0,"parent":0,"menu_order":0,"comment_status":"closed","ping_status":"closed","template":"","meta":{"_vp_format_video_url":"","_vp_image_focal_point":[],"footnotes":""},"class_list":["post-7421","page","type-page","status-publish","hentry"],"yoast_head":"<!-- This site is optimized with the Yoast SEO plugin v26.2 - https:\/\/yoast.com\/wordpress\/plugins\/seo\/ -->\n<title>Nataci\u00f3n - Torrevieja sports city<\/title>\n<meta name=\"robots\" content=\"index, follow, max-snippet:-1, max-image-preview:large, max-video-preview:-1\" \/>\n<link rel=\"canonical\" href=\"https:\/\/torreviejasportscity.com\/natacion\/\" \/>\n<meta property=\"og:locale\" content=\"en_US\" \/>\n<meta property=\"og:type\" content=\"article\" \/>\n<meta property=\"og:title\" content=\"Nataci\u00f3n - Torrevieja sports city\" \/>\n<meta property=\"og:description\" content=\"Descripci\u00f3n La Ciudad Deportiva de Torrevieja dispone de una piscina Ol\u00edmpica cubierta de 50 metros, con 8 calles y corcheras anti-olas, preparada para las m\u00e1s exigentes competiciones. En esta piscina se pueden realizar los entrenamientos y competiciones de toda \u00edndole, desde equipos de base hasta la \u00e9lite deportiva. Los grupos deportivos encuentran en la piscina...\" \/>\n<meta property=\"og:url\" content=\"https:\/\/torreviejasportscity.com\/natacion\/\" \/>\n<meta property=\"og:site_name\" content=\"Torrevieja sports city\" \/>\n<meta name=\"twitter:card\" content=\"summary_large_image\" \/>\n<meta name=\"twitter:label1\" content=\"Est. reading time\" \/>\n\t<meta name=\"twitter:data1\" content=\"1 minute\" \/>\n<script type=\"application\/ld+json\" class=\"yoast-schema-graph\">{\"@context\":\"https:\/\/schema.org\",\"@graph\":[{\"@type\":\"WebPage\",\"@id\":\"https:\/\/torreviejasportscity.com\/natacion\/\",\"url\":\"https:\/\/torreviejasportscity.com\/natacion\/\",\"name\":\"Nataci\u00f3n - Torrevieja sports city\",\"isPartOf\":{\"@id\":\"https:\/\/torreviejasportscity.com\/#website\"},\"datePublished\":\"2018-11-23T10:55:31+00:00\",\"breadcrumb\":{\"@id\":\"https:\/\/torreviejasportscity.com\/natacion\/#breadcrumb\"},\"inLanguage\":\"en-US\",\"potentialAction\":[{\"@type\":\"ReadAction\",\"target\":[\"https:\/\/torreviejasportscity.com\/natacion\/\"]}]},{\"@type\":\"BreadcrumbList\",\"@id\":\"https:\/\/torreviejasportscity.com\/natacion\/#breadcrumb\",\"itemListElement\":[{\"@type\":\"ListItem\",\"position\":1,\"name\":\"Home\",\"item\":\"https:\/\/torreviejasportscity.com\/\"},{\"@type\":\"ListItem\",\"position\":2,\"name\":\"Nataci\u00f3n\"}]},{\"@type\":\"WebSite\",\"@id\":\"https:\/\/torreviejasportscity.com\/#website\",\"url\":\"https:\/\/torreviejasportscity.com\/\",\"name\":\"Torrevieja sports city\",\"description\":\"Torrevieja Ciudad del deporte\",\"potentialAction\":[{\"@type\":\"SearchAction\",\"target\":{\"@type\":\"EntryPoint\",\"urlTemplate\":\"https:\/\/torreviejasportscity.com\/?s={search_term_string}\"},\"query-input\":{\"@type\":\"PropertyValueSpecification\",\"valueRequired\":true,\"valueName\":\"search_term_string\"}}],\"inLanguage\":\"en-US\"}]}<\/script>\n<!-- \/ Yoast SEO plugin. -->","yoast_head_json":{"title":"Nataci\u00f3n - Torrevieja sports city","robots":{"index":"index","follow":"follow","max-snippet":"max-snippet:-1","max-image-preview":"max-image-preview:large","max-video-preview":"max-video-preview:-1"},"canonical":"https:\/\/torreviejasportscity.com\/natacion\/","og_locale":"en_US","og_type":"article","og_title":"Nataci\u00f3n - Torrevieja sports city","og_description":"Descripci\u00f3n La Ciudad Deportiva de Torrevieja dispone de una piscina Ol\u00edmpica cubierta de 50 metros, con 8 calles y corcheras anti-olas, preparada para las m\u00e1s exigentes competiciones. En esta piscina se pueden realizar los entrenamientos y competiciones de toda \u00edndole, desde equipos de base hasta la \u00e9lite deportiva. Los grupos deportivos encuentran en la piscina...","og_url":"https:\/\/torreviejasportscity.com\/natacion\/","og_site_name":"Torrevieja sports city","twitter_card":"summary_large_image","twitter_misc":{"Est. reading time":"1 minute"},"schema":{"@context":"https:\/\/schema.org","@graph":[{"@type":"WebPage","@id":"https:\/\/torreviejasportscity.com\/natacion\/","url":"https:\/\/torreviejasportscity.com\/natacion\/","name":"Nataci\u00f3n - Torrevieja sports city","isPartOf":{"@id":"https:\/\/torreviejasportscity.com\/#website"},"datePublished":"2018-11-23T10:55:31+00:00","breadcrumb":{"@id":"https:\/\/torreviejasportscity.com\/natacion\/#breadcrumb"},"inLanguage":"en-US","potentialAction":[{"@type":"ReadAction","target":["https:\/\/torreviejasportscity.com\/natacion\/"]}]},{"@type":"BreadcrumbList","@id":"https:\/\/torreviejasportscity.com\/natacion\/#breadcrumb","itemListElement":[{"@type":"ListItem","position":1,"name":"Home","item":"https:\/\/torreviejasportscity.com\/"},{"@type":"ListItem","position":2,"name":"Nataci\u00f3n"}]},{"@type":"WebSite","@id":"https:\/\/torreviejasportscity.com\/#website","url":"https:\/\/torreviejasportscity.com\/","name":"Torrevieja sports city","description":"Torrevieja Ciudad del deporte","potentialAction":[{"@type":"SearchAction","target":{"@type":"EntryPoint","urlTemplate":"https:\/\/torreviejasportscity.com\/?s={search_term_string}"},"query-input":{"@type":"PropertyValueSpecification","valueRequired":true,"valueName":"search_term_string"}}],"inLanguage":"en-US"}]}},"_links":{"self":[{"href":"https:\/\/torreviejasportscity.com\/en\/wp-json\/wp\/v2\/pages\/7421","targetHints":{"allow":["GET"]}}],"collection":[{"href":"https:\/\/torreviejasportscity.com\/en\/wp-json\/wp\/v2\/pages"}],"about":[{"href":"https:\/\/torreviejasportscity.com\/en\/wp-json\/wp\/v2\/types\/page"}],"author":[{"embeddable":true,"href":"https:\/\/torreviejasportscity.com\/en\/wp-json\/wp\/v2\/users\/1"}],"replies":[{"embeddable":true,"href":"https:\/\/torreviejasportscity.com\/en\/wp-json\/wp\/v2\/comments?post=7421"}],"version-history":[{"count":1,"href":"https:\/\/torreviejasportscity.com\/en\/wp-json\/wp\/v2\/pages\/7421\/revisions"}],"predecessor-version":[{"id":7422,"href":"https:\/\/torreviejasportscity.com\/en\/wp-json\/wp\/v2\/pages\/7421\/revisions\/7422"}],"wp:attachment":[{"href":"https:\/\/torreviejasportscity.com\/en\/wp-json\/wp\/v2\/media?parent=7421"}],"curies":[{"name":"wp","href":"https:\/\/api.w.org\/{rel}","templated":true}]}}