{"id":7428,"date":"2018-11-23T11:03:06","date_gmt":"2018-11-23T11:03:06","guid":{"rendered":"http:\/\/torreviejasportscity.com\/?page_id=7428"},"modified":"2026-03-31T10:00:27","modified_gmt":"2026-03-31T08:00:27","slug":"gimnasio","status":"publish","type":"page","link":"https:\/\/torreviejasportscity.com\/en\/gimnasio\/","title":{"rendered":"Gimnasio"},"content":{"rendered":"<style type=\"text\/css\"><\/style>\n<fieldset style=\"border: 6px solid #ececec; width:925px; margin-bottom:20px; -moz-box-shadow: 5px 5px 4px #b3b3b4; -webkit-box-shadow: 5px 5px 4px #b3b3b4; box-shadow: 5px 5px 4px #b3b3b4;\">\n<legend style=\"font-size:24px; color:#434345\"> Descripci\u00f3n <\/legend>\n<table style=\"padding:15px\" width=\"920px\" align=\"center\">\n<tbody>\n<tr>\n<td style=\"font-weight:bold; padding-left:8px; vertical-align:top; color:#000033; font-size:14px; margin-bottom:10px; margin-top:10px\">\n<div align=\"justify\">\nLa sala de musculaci\u00f3n y preparaci\u00f3n f\u00edsica de la Ciudad Deportiva dispone de  400 metros cuadrados repletos de maquinaria de \u00faltima generaci\u00f3n, lo que permite complementar el entrenamiento durante la pre-temporada o competici\u00f3n de equipos de cualquier nivel y modalidad deportiva. Desarrollo y entrenamiento vascular, potencia, resistencia, etc. Una instalaci\u00f3n perfecta y a disposici\u00f3n de escuelas, grupos deportivos y particulares en un entorno privilegiado que junto con el resto de instalaciones disponibles, la piscina y pista de atletismo, conseguir\u00e1n obtener los mejores resultados de los deportistas.\n <\/div>\n<\/td>\n<\/tr>\n<\/tbody>\n<\/table>\n<\/fieldset>\n<p>&nbsp;<\/p>\n<fieldset style=\"border: 6px solid #ececec; width:925px; margin-bottom:20px; -moz-box-shadow: 5px 5px 4px #b3b3b4; -webkit-box-shadow: 5px 5px 4px #b3b3b4; box-shadow: 5px 5px 4px #b3b3b4;\">\n<legend style=\"font-size:24px; color:#434345\"> Instalaciones <\/legend>\n<table style=\"padding:15px\" width=\"920px\" align=\"center\">\n<tbody>\n<tr>\n<td style=\"margin-bottom:10px; margin-top:10px\">\n<div style=\"float:left; width:135px; padding:5px 5px 5px 5px; text-align:center\"><a href=\"http:\/\/www.torreviejasportscity.com\/?page_id=380&amp;lang=es&amp;id=1\"><img decoding=\"async\" style=\"width:140px\" src=\"wp-content\/uploads\/empresas\/iconopalacio.jpg\"><\/a><span style=\"font-size:12px; color:#000033\"><\/span><\/div>\n<div style=\"float:left; width:135px; padding:5px 5px 5px 5px; text-align:center\"><a href=\"http:\/\/www.torreviejasportscity.com\/?page_id=380&amp;lang=es&amp;id=5\"><img decoding=\"async\" style=\"width:140px\" src=\"wp-content\/uploads\/empresas\/iconoraqueta.jpg\"><\/a><span style=\"font-size:12px; color:#000033\"><\/span><\/div>\n<\/td>\n<\/tr>\n<\/tbody>\n<\/table>\n<\/fieldset>\n<p>&nbsp;<\/p>\n<fieldset style=\"border: 6px solid #ececec; width:925px; margin-bottom:20px; -moz-box-shadow: 5px 5px 4px #b3b3b4; -webkit-box-shadow: 5px 5px 4px #b3b3b4; box-shadow: 5px 5px 4px #b3b3b4;\">\n<legend style=\"font-size:24px; color:#434345\"> Precios y Tarifas<\/legend>\n<table style=\"padding:15px\" width=\"920px\" align=\"center\">\n<tbody>\n<tr>\n<td style=\"font-weight:bold; padding-left:8px; vertical-align:top; color:#000033; font-size:14px; margin-bottom:10px; margin-top:10px\">\n<dl>\n<dt>Entrada Individual = 3 Euros.<\/dt>\n<dt>Entrada Especial = 2 Eurosfamilia numerosa, mayores de 60 a\u00f1os o jubilados).<\/dt>\n<\/dl>\n<\/td>\n<\/tr>\n<tr>\n<td>* Para cualquier solicitud de informaci\u00f3n adicional o reserva de instalaciones  enviar E-mail.<\/td>\n<\/tr>\n<\/tbody>\n<\/table>\n<\/fieldset>","protected":false},"excerpt":{"rendered":"<p>Descripci\u00f3n La sala de musculaci\u00f3n y preparaci\u00f3n f\u00edsica de la Ciudad Deportiva dispone de 400 metros cuadrados repletos de maquinaria de \u00faltima generaci\u00f3n, lo que permite complementar el entrenamiento durante la pre-temporada o competici\u00f3n de equipos de cualquier nivel y modalidad deportiva. Desarrollo y entrenamiento vascular, potencia, resistencia, etc. Una instalaci\u00f3n perfecta y a disposici\u00f3n&#8230;<\/p>\n","protected":false},"author":6,"featured_media":13983,"parent":0,"menu_order":0,"comment_status":"closed","ping_status":"closed","template":"","meta":{"_vp_format_video_url":"","_vp_image_focal_point":[],"footnotes":""},"class_list":["post-7428","page","type-page","status-publish","has-post-thumbnail","hentry"],"yoast_head":"<!-- This site is optimized with the Yoast SEO plugin v26.2 - https:\/\/yoast.com\/wordpress\/plugins\/seo\/ -->\n<title>Gimnasio - Torrevieja sports city<\/title>\n<meta name=\"robots\" content=\"index, follow, max-snippet:-1, max-image-preview:large, max-video-preview:-1\" \/>\n<link rel=\"canonical\" href=\"https:\/\/torreviejasportscity.com\/gimnasio\/\" \/>\n<meta property=\"og:locale\" content=\"en_US\" \/>\n<meta property=\"og:type\" content=\"article\" \/>\n<meta property=\"og:title\" content=\"Gimnasio - Torrevieja sports city\" \/>\n<meta property=\"og:description\" content=\"Descripci\u00f3n La sala de musculaci\u00f3n y preparaci\u00f3n f\u00edsica de la Ciudad Deportiva dispone de 400 metros cuadrados repletos de maquinaria de \u00faltima generaci\u00f3n, lo que permite complementar el entrenamiento durante la pre-temporada o competici\u00f3n de equipos de cualquier nivel y modalidad deportiva. Desarrollo y entrenamiento vascular, potencia, resistencia, etc. Una instalaci\u00f3n perfecta y a disposici\u00f3n...\" \/>\n<meta property=\"og:url\" content=\"https:\/\/torreviejasportscity.com\/gimnasio\/\" \/>\n<meta property=\"og:site_name\" content=\"Torrevieja sports city\" \/>\n<meta property=\"article:modified_time\" content=\"2026-03-31T08:00:27+00:00\" \/>\n<meta property=\"og:image\" content=\"https:\/\/torreviejasportscity.com\/wp-content\/uploads\/2022\/10\/GIMNASIO-MUNICIPAL-HORARIOS-Y-PRECIOS.001.jpeg\" \/>\n\t<meta property=\"og:image:width\" content=\"855\" \/>\n\t<meta property=\"og:image:height\" content=\"1078\" \/>\n\t<meta property=\"og:image:type\" content=\"image\/jpeg\" \/>\n<meta name=\"twitter:card\" content=\"summary_large_image\" \/>\n<meta name=\"twitter:label1\" content=\"Est. reading time\" \/>\n\t<meta name=\"twitter:data1\" content=\"1 minute\" \/>\n<script type=\"application\/ld+json\" class=\"yoast-schema-graph\">{\"@context\":\"https:\/\/schema.org\",\"@graph\":[{\"@type\":\"WebPage\",\"@id\":\"https:\/\/torreviejasportscity.com\/gimnasio\/\",\"url\":\"https:\/\/torreviejasportscity.com\/gimnasio\/\",\"name\":\"Gimnasio - Torrevieja sports city\",\"isPartOf\":{\"@id\":\"https:\/\/torreviejasportscity.com\/#website\"},\"primaryImageOfPage\":{\"@id\":\"https:\/\/torreviejasportscity.com\/gimnasio\/#primaryimage\"},\"image\":{\"@id\":\"https:\/\/torreviejasportscity.com\/gimnasio\/#primaryimage\"},\"thumbnailUrl\":\"https:\/\/torreviejasportscity.com\/wp-content\/uploads\/2022\/10\/GIMNASIO-MUNICIPAL-HORARIOS-Y-PRECIOS.001.jpeg\",\"datePublished\":\"2018-11-23T11:03:06+00:00\",\"dateModified\":\"2026-03-31T08:00:27+00:00\",\"breadcrumb\":{\"@id\":\"https:\/\/torreviejasportscity.com\/gimnasio\/#breadcrumb\"},\"inLanguage\":\"en-US\",\"potentialAction\":[{\"@type\":\"ReadAction\",\"target\":[\"https:\/\/torreviejasportscity.com\/gimnasio\/\"]}]},{\"@type\":\"ImageObject\",\"inLanguage\":\"en-US\",\"@id\":\"https:\/\/torreviejasportscity.com\/gimnasio\/#primaryimage\",\"url\":\"https:\/\/torreviejasportscity.com\/wp-content\/uploads\/2022\/10\/GIMNASIO-MUNICIPAL-HORARIOS-Y-PRECIOS.001.jpeg\",\"contentUrl\":\"https:\/\/torreviejasportscity.com\/wp-content\/uploads\/2022\/10\/GIMNASIO-MUNICIPAL-HORARIOS-Y-PRECIOS.001.jpeg\",\"width\":855,\"height\":1078},{\"@type\":\"BreadcrumbList\",\"@id\":\"https:\/\/torreviejasportscity.com\/gimnasio\/#breadcrumb\",\"itemListElement\":[{\"@type\":\"ListItem\",\"position\":1,\"name\":\"Home\",\"item\":\"https:\/\/torreviejasportscity.com\/\"},{\"@type\":\"ListItem\",\"position\":2,\"name\":\"Gimnasio\"}]},{\"@type\":\"WebSite\",\"@id\":\"https:\/\/torreviejasportscity.com\/#website\",\"url\":\"https:\/\/torreviejasportscity.com\/\",\"name\":\"Torrevieja sports city\",\"description\":\"Torrevieja Ciudad del deporte\",\"potentialAction\":[{\"@type\":\"SearchAction\",\"target\":{\"@type\":\"EntryPoint\",\"urlTemplate\":\"https:\/\/torreviejasportscity.com\/?s={search_term_string}\"},\"query-input\":{\"@type\":\"PropertyValueSpecification\",\"valueRequired\":true,\"valueName\":\"search_term_string\"}}],\"inLanguage\":\"en-US\"}]}<\/script>\n<!-- \/ Yoast SEO plugin. -->","yoast_head_json":{"title":"Gimnasio - Torrevieja sports city","robots":{"index":"index","follow":"follow","max-snippet":"max-snippet:-1","max-image-preview":"max-image-preview:large","max-video-preview":"max-video-preview:-1"},"canonical":"https:\/\/torreviejasportscity.com\/gimnasio\/","og_locale":"en_US","og_type":"article","og_title":"Gimnasio - Torrevieja sports city","og_description":"Descripci\u00f3n La sala de musculaci\u00f3n y preparaci\u00f3n f\u00edsica de la Ciudad Deportiva dispone de 400 metros cuadrados repletos de maquinaria de \u00faltima generaci\u00f3n, lo que permite complementar el entrenamiento durante la pre-temporada o competici\u00f3n de equipos de cualquier nivel y modalidad deportiva. Desarrollo y entrenamiento vascular, potencia, resistencia, etc. Una instalaci\u00f3n perfecta y a disposici\u00f3n...","og_url":"https:\/\/torreviejasportscity.com\/gimnasio\/","og_site_name":"Torrevieja sports city","article_modified_time":"2026-03-31T08:00:27+00:00","og_image":[{"width":855,"height":1078,"url":"https:\/\/torreviejasportscity.com\/wp-content\/uploads\/2022\/10\/GIMNASIO-MUNICIPAL-HORARIOS-Y-PRECIOS.001.jpeg","type":"image\/jpeg"}],"twitter_card":"summary_large_image","twitter_misc":{"Est. reading time":"1 minute"},"schema":{"@context":"https:\/\/schema.org","@graph":[{"@type":"WebPage","@id":"https:\/\/torreviejasportscity.com\/gimnasio\/","url":"https:\/\/torreviejasportscity.com\/gimnasio\/","name":"Gimnasio - Torrevieja sports city","isPartOf":{"@id":"https:\/\/torreviejasportscity.com\/#website"},"primaryImageOfPage":{"@id":"https:\/\/torreviejasportscity.com\/gimnasio\/#primaryimage"},"image":{"@id":"https:\/\/torreviejasportscity.com\/gimnasio\/#primaryimage"},"thumbnailUrl":"https:\/\/torreviejasportscity.com\/wp-content\/uploads\/2022\/10\/GIMNASIO-MUNICIPAL-HORARIOS-Y-PRECIOS.001.jpeg","datePublished":"2018-11-23T11:03:06+00:00","dateModified":"2026-03-31T08:00:27+00:00","breadcrumb":{"@id":"https:\/\/torreviejasportscity.com\/gimnasio\/#breadcrumb"},"inLanguage":"en-US","potentialAction":[{"@type":"ReadAction","target":["https:\/\/torreviejasportscity.com\/gimnasio\/"]}]},{"@type":"ImageObject","inLanguage":"en-US","@id":"https:\/\/torreviejasportscity.com\/gimnasio\/#primaryimage","url":"https:\/\/torreviejasportscity.com\/wp-content\/uploads\/2022\/10\/GIMNASIO-MUNICIPAL-HORARIOS-Y-PRECIOS.001.jpeg","contentUrl":"https:\/\/torreviejasportscity.com\/wp-content\/uploads\/2022\/10\/GIMNASIO-MUNICIPAL-HORARIOS-Y-PRECIOS.001.jpeg","width":855,"height":1078},{"@type":"BreadcrumbList","@id":"https:\/\/torreviejasportscity.com\/gimnasio\/#breadcrumb","itemListElement":[{"@type":"ListItem","position":1,"name":"Home","item":"https:\/\/torreviejasportscity.com\/"},{"@type":"ListItem","position":2,"name":"Gimnasio"}]},{"@type":"WebSite","@id":"https:\/\/torreviejasportscity.com\/#website","url":"https:\/\/torreviejasportscity.com\/","name":"Torrevieja sports city","description":"Torrevieja Ciudad del deporte","potentialAction":[{"@type":"SearchAction","target":{"@type":"EntryPoint","urlTemplate":"https:\/\/torreviejasportscity.com\/?s={search_term_string}"},"query-input":{"@type":"PropertyValueSpecification","valueRequired":true,"valueName":"search_term_string"}}],"inLanguage":"en-US"}]}},"_links":{"self":[{"href":"https:\/\/torreviejasportscity.com\/en\/wp-json\/wp\/v2\/pages\/7428","targetHints":{"allow":["GET"]}}],"collection":[{"href":"https:\/\/torreviejasportscity.com\/en\/wp-json\/wp\/v2\/pages"}],"about":[{"href":"https:\/\/torreviejasportscity.com\/en\/wp-json\/wp\/v2\/types\/page"}],"author":[{"embeddable":true,"href":"https:\/\/torreviejasportscity.com\/en\/wp-json\/wp\/v2\/users\/6"}],"replies":[{"embeddable":true,"href":"https:\/\/torreviejasportscity.com\/en\/wp-json\/wp\/v2\/comments?post=7428"}],"version-history":[{"count":4,"href":"https:\/\/torreviejasportscity.com\/en\/wp-json\/wp\/v2\/pages\/7428\/revisions"}],"predecessor-version":[{"id":16839,"href":"https:\/\/torreviejasportscity.com\/en\/wp-json\/wp\/v2\/pages\/7428\/revisions\/16839"}],"wp:featuredmedia":[{"embeddable":true,"href":"https:\/\/torreviejasportscity.com\/en\/wp-json\/wp\/v2\/media\/13983"}],"wp:attachment":[{"href":"https:\/\/torreviejasportscity.com\/en\/wp-json\/wp\/v2\/media?parent=7428"}],"curies":[{"name":"wp","href":"https:\/\/api.w.org\/{rel}","templated":true}]}}