{"id":7434,"date":"2018-11-23T11:09:06","date_gmt":"2018-11-23T11:09:06","guid":{"rendered":"http:\/\/torreviejasportscity.com\/?page_id=7434"},"modified":"2018-11-23T11:09:06","modified_gmt":"2018-11-23T11:09:06","slug":"rugby","status":"publish","type":"page","link":"https:\/\/torreviejasportscity.com\/en\/rugby\/","title":{"rendered":"Rugby"},"content":{"rendered":"<style type=\"text\/css\"><\/style><fieldset style=\"border: 6px solid #ececec; width:925px; margin-bottom:20px; -moz-box-shadow: 5px 5px 4px #b3b3b4; -webkit-box-shadow: 5px 5px 4px #b3b3b4; box-shadow: 5px 5px 4px #b3b3b4;\">\n<legend style=\"font-size:24px; color:#434345\"> Descripci\u00f3n <\/legend>\n<table style=\"padding:15px\" width=\"920px\" align=\"center\">\n<tbody>\n<tr>\n<td style=\"font-weight:bold; padding-left:8px; vertical-align:top; color:#000033; font-size:14px; margin-bottom:10px; margin-top:10px\">\n<div align=\"justify\">\nLa Ciudad Deportiva de Torrevieja ofrece unas condiciones \u00f3ptimas para la pr\u00e1ctica del Rugby. Dispone de un estadio denominado Nelson Mandela, polivalente y perfectamente preparado para la pr\u00e1ctica del Rugby, con instalaciones que permite coordinar entrenamientos y preparaci\u00f3n f\u00edsica de diversas categor\u00edas y colectivos. Unas instalaciones de alt\u00edsima calidad a disposici\u00f3n de escuelas, federaciones, clubes y grupos deportivos que busquen entrenamiento competitivo para la consecuci\u00f3n de objetivos. La Ciudad Deportiva de Torrevieja, dispone de otros cuatro terrenos de juego que son perfectamente adaptables al Rugby para grandes eventos o competiciones; los campos Garc\u00eda Nito, Gabriel Samper, Esteban Rosado, el Estadio Vicente Garc\u00eda y la pista de Atletismo Daniel Plaza.\n<\/div>\n<\/td>\n<\/tr>\n<\/tbody>\n<\/table>\n<\/fieldset>\n<p>&nbsp;<\/p>\n<fieldset style=\"border: 6px solid #ececec; width:925px; margin-bottom:20px; -moz-box-shadow: 5px 5px 4px #b3b3b4; -webkit-box-shadow: 5px 5px 4px #b3b3b4; box-shadow: 5px 5px 4px #b3b3b4;\">\n<legend style=\"font-size:24px; color:#434345\"> Instalaciones <\/legend>\n<table style=\"padding:15px\" width=\"920px\" align=\"center\">\n<tbody>\n<tr>\n<td style=\"margin-bottom:10px; margin-top:10px\">\n<div style=\"float:left; width:135px; padding:5px 5px 5px 5px; text-align:center\"><a href=\"http:\/\/www.torreviejasportscity.com\/?page_id=380&amp;lang=es&amp;id=3\"><img decoding=\"async\" style=\"width:140px\" src=\"wp-content\/uploads\/empresas\/iconoatletismo.jpg\"><\/a><span style=\"font-size:12px; color:#000033\"><\/span><\/div>\n<div style=\"float:left; width:135px; padding:5px 5px 5px 5px; text-align:center\"><a href=\"http:\/\/www.torreviejasportscity.com\/?page_id=380&amp;lang=es&amp;id=2\"><img decoding=\"async\" style=\"width:140px\" src=\"wp-content\/uploads\/empresas\/iconoceciliogallego.jpg\"><\/a><span style=\"font-size:12px; color:#000033\"><\/span><\/div>\n<div style=\"float:left; width:135px; padding:5px 5px 5px 5px; text-align:center\"><a href=\"http:\/\/www.torreviejasportscity.com\/?page_id=380&amp;lang=es&amp;id=1\"><img decoding=\"async\" style=\"width:140px\" src=\"wp-content\/uploads\/empresas\/iconopalacio.jpg\"><\/a><span style=\"font-size:12px; color:#000033\"><\/span><\/div>\n<div style=\"float:left; width:135px; padding:5px 5px 5px 5px; text-align:center\"><a href=\"http:\/\/www.torreviejasportscity.com\/?page_id=380&amp;lang=es&amp;id=4\"><img decoding=\"async\" style=\"width:140px\" src=\"wp-content\/uploads\/empresas\/icononelsonmandela.jpg\"><\/a><span style=\"font-size:12px; color:#000033\"><\/span><\/div>\n<\/td>\n<\/tr>\n<\/tbody>\n<\/table>\n<\/fieldset>\n<p>&nbsp;<\/p>\n<fieldset style=\"border: 6px solid #ececec; width:925px; margin-bottom:20px; -moz-box-shadow: 5px 5px 4px #b3b3b4; -webkit-box-shadow: 5px 5px 4px #b3b3b4; box-shadow: 5px 5px 4px #b3b3b4;\">\n<legend style=\"font-size:24px; color:#434345\"> Precios y Tarifas<\/legend>\n<table style=\"padding:15px\" width=\"920px\" align=\"center\">\n<tbody>\n<tr>\n<td style=\"font-weight:bold; padding-left:8px; vertical-align:top; color:#000033; font-size:14px; margin-bottom:10px; margin-top:10px\">\n<dl>\n<dt>Sin energ\u00eda = 50 Euros.<\/dt>\n<dt>Con energ\u00eda = 60 Euros.<\/dt>\n<\/dl>\n<\/td>\n<\/tr>\n<tr>\n<td>* Para cualquier solicitud de informaci\u00f3n adicional o reserva de instalaciones  enviar E-mail.<\/td>\n<\/tr>\n<\/tbody>\n<\/table>\n<\/fieldset>\n","protected":false},"excerpt":{"rendered":"<p>Descripci\u00f3n La Ciudad Deportiva de Torrevieja ofrece unas condiciones \u00f3ptimas para la pr\u00e1ctica del Rugby. Dispone de un estadio denominado Nelson Mandela, polivalente y perfectamente preparado para la pr\u00e1ctica del Rugby, con instalaciones que permite coordinar entrenamientos y preparaci\u00f3n f\u00edsica de diversas categor\u00edas y colectivos. Unas instalaciones de alt\u00edsima calidad a disposici\u00f3n de escuelas, federaciones,&#8230;<\/p>\n","protected":false},"author":1,"featured_media":0,"parent":0,"menu_order":0,"comment_status":"closed","ping_status":"closed","template":"","meta":{"_vp_format_video_url":"","_vp_image_focal_point":[],"footnotes":""},"class_list":["post-7434","page","type-page","status-publish","hentry"],"yoast_head":"<!-- This site is optimized with the Yoast SEO plugin v26.2 - https:\/\/yoast.com\/wordpress\/plugins\/seo\/ -->\n<title>Rugby - Torrevieja sports city<\/title>\n<meta name=\"robots\" content=\"index, follow, max-snippet:-1, max-image-preview:large, max-video-preview:-1\" \/>\n<link rel=\"canonical\" href=\"https:\/\/torreviejasportscity.com\/rugby\/\" \/>\n<meta property=\"og:locale\" content=\"en_US\" \/>\n<meta property=\"og:type\" content=\"article\" \/>\n<meta property=\"og:title\" content=\"Rugby - Torrevieja sports city\" \/>\n<meta property=\"og:description\" content=\"Descripci\u00f3n La Ciudad Deportiva de Torrevieja ofrece unas condiciones \u00f3ptimas para la pr\u00e1ctica del Rugby. Dispone de un estadio denominado Nelson Mandela, polivalente y perfectamente preparado para la pr\u00e1ctica del Rugby, con instalaciones que permite coordinar entrenamientos y preparaci\u00f3n f\u00edsica de diversas categor\u00edas y colectivos. Unas instalaciones de alt\u00edsima calidad a disposici\u00f3n de escuelas, federaciones,...\" \/>\n<meta property=\"og:url\" content=\"https:\/\/torreviejasportscity.com\/rugby\/\" \/>\n<meta property=\"og:site_name\" content=\"Torrevieja sports city\" \/>\n<meta name=\"twitter:card\" content=\"summary_large_image\" \/>\n<meta name=\"twitter:label1\" content=\"Est. reading time\" \/>\n\t<meta name=\"twitter:data1\" content=\"1 minute\" \/>\n<script type=\"application\/ld+json\" class=\"yoast-schema-graph\">{\"@context\":\"https:\/\/schema.org\",\"@graph\":[{\"@type\":\"WebPage\",\"@id\":\"https:\/\/torreviejasportscity.com\/rugby\/\",\"url\":\"https:\/\/torreviejasportscity.com\/rugby\/\",\"name\":\"Rugby - Torrevieja sports city\",\"isPartOf\":{\"@id\":\"https:\/\/torreviejasportscity.com\/#website\"},\"datePublished\":\"2018-11-23T11:09:06+00:00\",\"breadcrumb\":{\"@id\":\"https:\/\/torreviejasportscity.com\/rugby\/#breadcrumb\"},\"inLanguage\":\"en-US\",\"potentialAction\":[{\"@type\":\"ReadAction\",\"target\":[\"https:\/\/torreviejasportscity.com\/rugby\/\"]}]},{\"@type\":\"BreadcrumbList\",\"@id\":\"https:\/\/torreviejasportscity.com\/rugby\/#breadcrumb\",\"itemListElement\":[{\"@type\":\"ListItem\",\"position\":1,\"name\":\"Home\",\"item\":\"https:\/\/torreviejasportscity.com\/\"},{\"@type\":\"ListItem\",\"position\":2,\"name\":\"Rugby\"}]},{\"@type\":\"WebSite\",\"@id\":\"https:\/\/torreviejasportscity.com\/#website\",\"url\":\"https:\/\/torreviejasportscity.com\/\",\"name\":\"Torrevieja sports city\",\"description\":\"Torrevieja Ciudad del deporte\",\"potentialAction\":[{\"@type\":\"SearchAction\",\"target\":{\"@type\":\"EntryPoint\",\"urlTemplate\":\"https:\/\/torreviejasportscity.com\/?s={search_term_string}\"},\"query-input\":{\"@type\":\"PropertyValueSpecification\",\"valueRequired\":true,\"valueName\":\"search_term_string\"}}],\"inLanguage\":\"en-US\"}]}<\/script>\n<!-- \/ Yoast SEO plugin. -->","yoast_head_json":{"title":"Rugby - Torrevieja sports city","robots":{"index":"index","follow":"follow","max-snippet":"max-snippet:-1","max-image-preview":"max-image-preview:large","max-video-preview":"max-video-preview:-1"},"canonical":"https:\/\/torreviejasportscity.com\/rugby\/","og_locale":"en_US","og_type":"article","og_title":"Rugby - Torrevieja sports city","og_description":"Descripci\u00f3n La Ciudad Deportiva de Torrevieja ofrece unas condiciones \u00f3ptimas para la pr\u00e1ctica del Rugby. Dispone de un estadio denominado Nelson Mandela, polivalente y perfectamente preparado para la pr\u00e1ctica del Rugby, con instalaciones que permite coordinar entrenamientos y preparaci\u00f3n f\u00edsica de diversas categor\u00edas y colectivos. Unas instalaciones de alt\u00edsima calidad a disposici\u00f3n de escuelas, federaciones,...","og_url":"https:\/\/torreviejasportscity.com\/rugby\/","og_site_name":"Torrevieja sports city","twitter_card":"summary_large_image","twitter_misc":{"Est. reading time":"1 minute"},"schema":{"@context":"https:\/\/schema.org","@graph":[{"@type":"WebPage","@id":"https:\/\/torreviejasportscity.com\/rugby\/","url":"https:\/\/torreviejasportscity.com\/rugby\/","name":"Rugby - Torrevieja sports city","isPartOf":{"@id":"https:\/\/torreviejasportscity.com\/#website"},"datePublished":"2018-11-23T11:09:06+00:00","breadcrumb":{"@id":"https:\/\/torreviejasportscity.com\/rugby\/#breadcrumb"},"inLanguage":"en-US","potentialAction":[{"@type":"ReadAction","target":["https:\/\/torreviejasportscity.com\/rugby\/"]}]},{"@type":"BreadcrumbList","@id":"https:\/\/torreviejasportscity.com\/rugby\/#breadcrumb","itemListElement":[{"@type":"ListItem","position":1,"name":"Home","item":"https:\/\/torreviejasportscity.com\/"},{"@type":"ListItem","position":2,"name":"Rugby"}]},{"@type":"WebSite","@id":"https:\/\/torreviejasportscity.com\/#website","url":"https:\/\/torreviejasportscity.com\/","name":"Torrevieja sports city","description":"Torrevieja Ciudad del deporte","potentialAction":[{"@type":"SearchAction","target":{"@type":"EntryPoint","urlTemplate":"https:\/\/torreviejasportscity.com\/?s={search_term_string}"},"query-input":{"@type":"PropertyValueSpecification","valueRequired":true,"valueName":"search_term_string"}}],"inLanguage":"en-US"}]}},"_links":{"self":[{"href":"https:\/\/torreviejasportscity.com\/en\/wp-json\/wp\/v2\/pages\/7434","targetHints":{"allow":["GET"]}}],"collection":[{"href":"https:\/\/torreviejasportscity.com\/en\/wp-json\/wp\/v2\/pages"}],"about":[{"href":"https:\/\/torreviejasportscity.com\/en\/wp-json\/wp\/v2\/types\/page"}],"author":[{"embeddable":true,"href":"https:\/\/torreviejasportscity.com\/en\/wp-json\/wp\/v2\/users\/1"}],"replies":[{"embeddable":true,"href":"https:\/\/torreviejasportscity.com\/en\/wp-json\/wp\/v2\/comments?post=7434"}],"version-history":[{"count":1,"href":"https:\/\/torreviejasportscity.com\/en\/wp-json\/wp\/v2\/pages\/7434\/revisions"}],"predecessor-version":[{"id":7435,"href":"https:\/\/torreviejasportscity.com\/en\/wp-json\/wp\/v2\/pages\/7434\/revisions\/7435"}],"wp:attachment":[{"href":"https:\/\/torreviejasportscity.com\/en\/wp-json\/wp\/v2\/media?parent=7434"}],"curies":[{"name":"wp","href":"https:\/\/api.w.org\/{rel}","templated":true}]}}