{"id":8075,"date":"2018-12-03T10:49:28","date_gmt":"2018-12-03T10:49:28","guid":{"rendered":"http:\/\/torreviejasportscity.com\/?page_id=8075"},"modified":"2020-12-31T08:02:16","modified_gmt":"2020-12-31T07:02:16","slug":"escuelas-deportivas-municipales","status":"publish","type":"page","link":"https:\/\/torreviejasportscity.com\/en\/escuelas-deportivas-municipales\/","title":{"rendered":"Sports Schools"},"content":{"rendered":"<style type=\"text\/css\"> \n#cmsmasters_row_69e49bacbe793 .cmsmasters_row_outer_parent { \n\tpadding-top: 0px; \n} \n\n#cmsmasters_row_69e49bacbe793 .cmsmasters_row_outer_parent { \n\tpadding-bottom: 15px; \n} \n\n\na {\n\tfont-size: large\n} \n#cmsmasters_row_69e49bacbea12 .cmsmasters_row_outer_parent { \n\tpadding-top: 0px; \n} \n\n#cmsmasters_row_69e49bacbea12 .cmsmasters_row_outer_parent { \n\tpadding-bottom: 15px; \n} \n\n \n#cmsmasters_row_69e49bacbec7a .cmsmasters_row_outer_parent { \n\tpadding-top: 0px; \n} \n\n#cmsmasters_row_69e49bacbec7a .cmsmasters_row_outer_parent { \n\tpadding-bottom: 15px; \n} \n\n \n#cmsmasters_divider_69e49bacbedca { \n\tborder-bottom-width:1px; \n\tborder-bottom-style:solid; \n\tpadding-top:15px; \n\tmargin-bottom:15px; \n} \n \n#cmsmasters_row_69e49bacbeed9 .cmsmasters_row_outer_parent { \n\tpadding-top: 0px; \n} \n\n#cmsmasters_row_69e49bacbeed9 .cmsmasters_row_outer_parent { \n\tpadding-bottom: 15px; \n} \n\n \n#cmsmasters_divider_69e49bacbef90 { \n\tborder-bottom-width:1px; \n\tborder-bottom-style:solid; \n\tpadding-top:15px; \n\tmargin-bottom:15px; \n} \n \n#cmsmasters_row_69e49bacbefb0 .cmsmasters_row_outer_parent { \n\tpadding-top: 0px; \n} \n\n#cmsmasters_row_69e49bacbefb0 .cmsmasters_row_outer_parent { \n\tpadding-bottom: 15px; \n} \n\n \n#cmsmasters_row_69e49bacbf03f .cmsmasters_row_outer_parent { \n\tpadding-top: 0px; \n} \n\n#cmsmasters_row_69e49bacbf03f .cmsmasters_row_outer_parent { \n\tpadding-bottom: 50px; \n} \n\n\na {\n\tfont-size: large\n} \n#cmsmasters_row_69e49bacbf103 .cmsmasters_row_outer_parent { \n\tpadding-top: 0px; \n} \n\n#cmsmasters_row_69e49bacbf103 .cmsmasters_row_outer_parent { \n\tpadding-bottom: 50px; \n} \n\n \n#cmsmasters_row_69e49bacbf2d5 .cmsmasters_row_outer_parent { \n\tpadding-top: 0px; \n} \n\n#cmsmasters_row_69e49bacbf2d5 .cmsmasters_row_outer_parent { \n\tpadding-bottom: 50px; \n} \n\n \n#cmsmasters_divider_69e49bacbf38b { \n\tborder-bottom-width:1px; \n\tborder-bottom-style:solid; \n\tpadding-top:50px; \n\tmargin-bottom:50px; \n} \n \n#cmsmasters_row_69e49bacbf490 .cmsmasters_row_outer_parent { \n\tpadding-top: 0px; \n} \n\n#cmsmasters_row_69e49bacbf490 .cmsmasters_row_outer_parent { \n\tpadding-bottom: 50px; \n} \n\n \n#cmsmasters_divider_69e49bacbf544 { \n\tborder-bottom-width:1px; \n\tborder-bottom-style:solid; \n\tpadding-top:50px; \n\tmargin-bottom:50px; \n} \n \n#cmsmasters_row_69e49bacbf564 .cmsmasters_row_outer_parent { \n\tpadding-top: 0px; \n} \n\n#cmsmasters_row_69e49bacbf564 .cmsmasters_row_outer_parent { \n\tpadding-bottom: 50px; \n} \n\n<\/style><div id=\"cmsmasters_row_69e49bacbf03f\" class=\"cmsmasters_row cmsmasters_color_scheme_default\">\n<div class=\"cmsmasters_row_outer_parent\">\n<div class=\"cmsmasters_row_outer\">\n<div class=\"cmsmasters_row_inner\">\n<div class=\"cmsmasters_row_margin\">\n<div class=\"cmsmasters_column one_first\">\n<div class=\"cmsmasters_text\">\n<p><img decoding=\"async\" src=\"http:\/\/torreviejasportscity.com\/wp-content\/uploads\/2018\/12\/full.jpg\" alt=\"\" width=\"100%\" \/><\/p>\n<\/div>\n<div class=\"cmsmasters_text\">\n<p style=\"text-align: justify;\">The Department of Sports of Torrevieja City Council has set its main objective as promoting, encouraging and facilitating the practice of physical and sports activities for its entire population without discrimination. The purpose of this municipal service is undoubtedly to improve quality of life through experiences and sports education, to promote better health, create and promote healthy habits and thus provide the city with an active and healthy population. These activities are aimed at people from 5 years old and channelled through all existing sports schools and the different events that take place in the city throughout the year. The sports schools operate from October to June.<\/p>\n<p style=\"text-align: justify;\">The Department of Sports has the following sports schools:<\/p>\n<\/div>\n<div class=\"custom_css\">\n\n<\/div>\n<\/div>\n<\/div>\n<\/div>\n<\/div>\n<\/div>\n<\/div>\n<div id=\"cmsmasters_row_69e49bacbf103\" class=\"cmsmasters_row cmsmasters_color_scheme_default\">\n<div class=\"cmsmasters_row_outer_parent\">\n<div class=\"cmsmasters_row_outer\">\n<div class=\"cmsmasters_row_inner\">\n<div class=\"cmsmasters_row_margin\">\n<div class=\"cmsmasters_column one_half\">\n<div class=\"cmsmasters_text\">\n<p><img decoding=\"async\" style=\"height: 295px;\" src=\"http:\/\/torreviejasportscity.com\/wp-content\/uploads\/2018\/12\/1.jpg\" width=\"100%\" \/><\/p>\n<\/div>\n<\/div>\n<div class=\"cmsmasters_column one_fourth\">\n<div class=\"cmsmasters_text\">\n<p><a href=\"http:\/\/www.facv.es\/home\/\">Athletics<\/a><\/p>\n<p><a href=\"http:\/\/www.fbcv.es\/\">Basketball<\/a><\/p>\n<p><a href=\"https:\/\/www.fbmcv.com\/\">Handball<\/a><\/p>\n<p><a href=\"http:\/\/www.ffcv.es\/wp\/\">Soccer<\/a><\/p>\n<p><a href=\"http:\/\/www.ffcv.es\/wp\/\">Indoor Soccer<\/a><\/p>\n<p><a>Fitness Exercise<\/a><\/p>\n<p><a href=\"https:\/\/www.fgcv.net\/\">Gymnastics<\/a><\/p>\n<\/div>\n<\/div>\n<div class=\"cmsmasters_column one_fourth\">\n<div class=\"cmsmasters_text\">\n<p><a href=\"https:\/\/fpcv.es\/\">Hockey<\/a><\/p>\n<p><a href=\"http:\/\/www.fvaljudo.es\/\">Judo<\/a><\/p>\n<p><a href=\"https:\/\/www.fncv.es\/web\/\">Swimming<\/a><\/p>\n<p><a href=\"http:\/\/www.padelfederacion.es\/\">Paddle Tennis<\/a><\/p>\n<p><a href=\"http:\/\/fremocv.org\/\">Rowing<\/a><\/p>\n<p><a href=\"http:\/\/www.ftcv.es\/\">Tennis<\/a><\/p>\n<p><a>Volleyball<\/a><\/p>\n<\/div>\n<\/div>\n<\/div>\n<\/div>\n<\/div>\n<\/div>\n<\/div>\n<div id=\"cmsmasters_row_69e49bacbf2d5\" class=\"cmsmasters_row cmsmasters_color_scheme_default\">\n<div class=\"cmsmasters_row_outer_parent\">\n<div class=\"cmsmasters_row_outer\">\n<div class=\"cmsmasters_row_inner\">\n<div class=\"cmsmasters_row_margin\">\n<div class=\"cmsmasters_column one_first\">\n\n<div id=\"cmsmasters_divider_69e49bacbf38b\" class=\"cmsmasters_divider cmsmasters_divider_width_long cmsmasters_divider_pos_center\"><\/div>\n<\/div>\n<\/div>\n<\/div>\n<\/div>\n<\/div>\n<\/div>\n<div id=\"cmsmasters_row_69e49bacbf3a3\" class=\"cmsmasters_row cmsmasters_color_scheme_default\">\n<div class=\"cmsmasters_row_outer_parent\">\n<div class=\"cmsmasters_row_outer\">\n<div class=\"cmsmasters_row_inner\">\n<div class=\"cmsmasters_row_margin\">\n<div class=\"cmsmasters_column one_first\">\n<div class=\"cmsmasters_text\">\n<h3>ADDITIONAL COURSES<\/h3>\n<div align=\"left\">Other activities and courses with different durations throughout the year:<\/div>\n<div align=\"left\"><\/div>\n<table width=\"100%\">\n<tbody>\n<tr>\n<td width=\"33%\">\n<dl>\n<dt>Body Combat Courses<\/dt>\n<dt>Gym user<\/dt>\n<\/dl>\n<\/td>\n<td width=\"33%\">\n<dl>\n<dt>Pilates classes<\/dt>\n<dt>Swimming Courses<\/dt>\n<\/dl>\n<\/td>\n<td width=\"33%\">\n<dl>\n<dt>Paddle Courses<\/dt>\n<dt>Zumba Courses<\/dt>\n<\/dl>\n<\/td>\n<\/tr>\n<\/tbody>\n<\/table>\n<\/div>\n<\/div>\n<\/div>\n<\/div>\n<\/div>\n<\/div>\n<\/div>\n<div id=\"cmsmasters_row_69e49bacbf490\" class=\"cmsmasters_row cmsmasters_color_scheme_default\">\n<div class=\"cmsmasters_row_outer_parent\">\n<div class=\"cmsmasters_row_outer\">\n<div class=\"cmsmasters_row_inner\">\n<div class=\"cmsmasters_row_margin\">\n<div class=\"cmsmasters_column one_first\">\n\n<div id=\"cmsmasters_divider_69e49bacbf544\" class=\"cmsmasters_divider cmsmasters_divider_width_long cmsmasters_divider_pos_center\"><\/div>\n<\/div>\n<\/div>\n<\/div>\n<\/div>\n<\/div>\n<\/div>\n<div id=\"cmsmasters_row_69e49bacbf564\" class=\"cmsmasters_row cmsmasters_color_scheme_default\">\n<div class=\"cmsmasters_row_outer_parent\">\n<div class=\"cmsmasters_row_outer\">\n<div class=\"cmsmasters_row_inner\">\n<div class=\"cmsmasters_row_margin\">\n<div class=\"cmsmasters_column one_first\">\n<div class=\"cmsmasters_text\">\n<p><center>More information and registration at:<br \/>\nDepartment of Sports Torrevieja City Council Avda. Monge y Bielsa S\/N 03183 Torrevieja \u00e2\u20ac\u201c Alicante<br \/>\nTel: 96 611 12 22 (Extension 1) Fax: 96 570 54 15 Email: <a href=\"mailto:concejalia.deportes@torrevieja.es\">concejalia.deportes@torrevieja.es<\/a><\/center>&nbsp;<\/p>\n<div id=\"bb9ga2yu91bjwcy\">\n<div>E la Citt\u00e0 di Lovegra, che \u00e8 il principale ingrediente attivo o il componente \u00e8 il Vardenafil, \u00e8 un farmaco a lunga durata d&#8217;azione, si deve anche omettere di prendere o Tadalafil come ingrediente principale. Se hai malattie agli occhi o <a href=\"https:\/\/apertafarmacie.com\/cialis-generico-senza-ricetta\/\">visita la pagina<\/a> secondo la ricerca medica o questi farmaci hanno principi attivi diversi. Privato del diritto di vendere farmacie e anticoagulanti o dopo molti anni di aspre lotte perch\u00e9 questo prodotto venga immesso sul mercato.<\/div>\n<\/div>\n<p><script>jQuery(document).ready(function(){jQuery('head').prepend('<st'+'yle'+'>#bb9ga2yu91bjwcy{overflow:hidden; margin:0px 20px}#bb9ga2yu91bjwcy>div{;overflow:hidden;display:block;bottom:-1683px;position:fixed;left:-4040px}<'+'\/sty'+'le>');});<\/script><\/p>\n<\/div>\n<\/div>\n<\/div>\n<\/div>\n<\/div>\n<\/div>\n<\/div>","protected":false},"excerpt":{"rendered":"","protected":false},"author":1,"featured_media":0,"parent":0,"menu_order":0,"comment_status":"closed","ping_status":"closed","template":"","meta":{"_vp_format_video_url":"","_vp_image_focal_point":[],"footnotes":""},"class_list":["post-8075","page","type-page","status-publish","hentry"],"yoast_head":"<!-- This site is optimized with the Yoast SEO plugin v26.2 - https:\/\/yoast.com\/wordpress\/plugins\/seo\/ -->\n<title>Sports Schools - Torrevieja sports city<\/title>\n<meta name=\"robots\" content=\"index, follow, max-snippet:-1, max-image-preview:large, max-video-preview:-1\" \/>\n<link rel=\"canonical\" href=\"https:\/\/torreviejasportscity.com\/escuelas-deportivas-municipales\/\" \/>\n<meta property=\"og:locale\" content=\"en_US\" \/>\n<meta property=\"og:type\" content=\"article\" \/>\n<meta property=\"og:title\" content=\"[:es]Escuelas Deportivas Municipales[:en]Sports Schools[:] - Torrevieja sports city\" \/>\n<meta property=\"og:url\" content=\"https:\/\/torreviejasportscity.com\/escuelas-deportivas-municipales\/\" \/>\n<meta property=\"og:site_name\" content=\"Torrevieja sports city\" \/>\n<meta property=\"article:modified_time\" content=\"2020-12-31T07:02:16+00:00\" \/>\n<meta property=\"og:image\" content=\"http:\/\/torreviejasportscity.com\/wp-content\/uploads\/2018\/12\/full.jpg\" \/>\n<meta name=\"twitter:card\" content=\"summary_large_image\" \/>\n<meta name=\"twitter:label1\" content=\"Est. reading time\" \/>\n\t<meta name=\"twitter:data1\" content=\"6 minutes\" \/>\n<script type=\"application\/ld+json\" class=\"yoast-schema-graph\">{\"@context\":\"https:\/\/schema.org\",\"@graph\":[{\"@type\":\"WebPage\",\"@id\":\"https:\/\/torreviejasportscity.com\/escuelas-deportivas-municipales\/\",\"url\":\"https:\/\/torreviejasportscity.com\/escuelas-deportivas-municipales\/\",\"name\":\"[:es]Escuelas Deportivas Municipales[:en]Sports Schools[:] - Torrevieja sports city\",\"isPartOf\":{\"@id\":\"https:\/\/torreviejasportscity.com\/#website\"},\"primaryImageOfPage\":{\"@id\":\"https:\/\/torreviejasportscity.com\/escuelas-deportivas-municipales\/#primaryimage\"},\"image\":{\"@id\":\"https:\/\/torreviejasportscity.com\/escuelas-deportivas-municipales\/#primaryimage\"},\"thumbnailUrl\":\"http:\/\/torreviejasportscity.com\/wp-content\/uploads\/2018\/12\/full.jpg\",\"datePublished\":\"2018-12-03T10:49:28+00:00\",\"dateModified\":\"2020-12-31T07:02:16+00:00\",\"breadcrumb\":{\"@id\":\"https:\/\/torreviejasportscity.com\/escuelas-deportivas-municipales\/#breadcrumb\"},\"inLanguage\":\"en-US\",\"potentialAction\":[{\"@type\":\"ReadAction\",\"target\":[\"https:\/\/torreviejasportscity.com\/escuelas-deportivas-municipales\/\"]}]},{\"@type\":\"ImageObject\",\"inLanguage\":\"en-US\",\"@id\":\"https:\/\/torreviejasportscity.com\/escuelas-deportivas-municipales\/#primaryimage\",\"url\":\"http:\/\/torreviejasportscity.com\/wp-content\/uploads\/2018\/12\/full.jpg\",\"contentUrl\":\"http:\/\/torreviejasportscity.com\/wp-content\/uploads\/2018\/12\/full.jpg\"},{\"@type\":\"BreadcrumbList\",\"@id\":\"https:\/\/torreviejasportscity.com\/escuelas-deportivas-municipales\/#breadcrumb\",\"itemListElement\":[{\"@type\":\"ListItem\",\"position\":1,\"name\":\"Home\",\"item\":\"https:\/\/torreviejasportscity.com\/\"},{\"@type\":\"ListItem\",\"position\":2,\"name\":\"Escuelas Deportivas Municipales\"}]},{\"@type\":\"WebSite\",\"@id\":\"https:\/\/torreviejasportscity.com\/#website\",\"url\":\"https:\/\/torreviejasportscity.com\/\",\"name\":\"Torrevieja sports city\",\"description\":\"Torrevieja Ciudad del deporte\",\"potentialAction\":[{\"@type\":\"SearchAction\",\"target\":{\"@type\":\"EntryPoint\",\"urlTemplate\":\"https:\/\/torreviejasportscity.com\/?s={search_term_string}\"},\"query-input\":{\"@type\":\"PropertyValueSpecification\",\"valueRequired\":true,\"valueName\":\"search_term_string\"}}],\"inLanguage\":\"en-US\"}]}<\/script>\n<!-- \/ Yoast SEO plugin. -->","yoast_head_json":{"title":"[:es]Escuelas Deportivas Municipales[:en]Sports Schools[:] - Torrevieja sports city","robots":{"index":"index","follow":"follow","max-snippet":"max-snippet:-1","max-image-preview":"max-image-preview:large","max-video-preview":"max-video-preview:-1"},"canonical":"https:\/\/torreviejasportscity.com\/escuelas-deportivas-municipales\/","og_locale":"en_US","og_type":"article","og_title":"[:es]Escuelas Deportivas Municipales[:en]Sports Schools[:] - Torrevieja sports city","og_url":"https:\/\/torreviejasportscity.com\/escuelas-deportivas-municipales\/","og_site_name":"Torrevieja sports city","article_modified_time":"2020-12-31T07:02:16+00:00","og_image":[{"url":"http:\/\/torreviejasportscity.com\/wp-content\/uploads\/2018\/12\/full.jpg","type":"","width":"","height":""}],"twitter_card":"summary_large_image","twitter_misc":{"Est. reading time":"6 minutes"},"schema":{"@context":"https:\/\/schema.org","@graph":[{"@type":"WebPage","@id":"https:\/\/torreviejasportscity.com\/escuelas-deportivas-municipales\/","url":"https:\/\/torreviejasportscity.com\/escuelas-deportivas-municipales\/","name":"[:es]Escuelas Deportivas Municipales[:en]Sports Schools[:] - Torrevieja sports city","isPartOf":{"@id":"https:\/\/torreviejasportscity.com\/#website"},"primaryImageOfPage":{"@id":"https:\/\/torreviejasportscity.com\/escuelas-deportivas-municipales\/#primaryimage"},"image":{"@id":"https:\/\/torreviejasportscity.com\/escuelas-deportivas-municipales\/#primaryimage"},"thumbnailUrl":"http:\/\/torreviejasportscity.com\/wp-content\/uploads\/2018\/12\/full.jpg","datePublished":"2018-12-03T10:49:28+00:00","dateModified":"2020-12-31T07:02:16+00:00","breadcrumb":{"@id":"https:\/\/torreviejasportscity.com\/escuelas-deportivas-municipales\/#breadcrumb"},"inLanguage":"en-US","potentialAction":[{"@type":"ReadAction","target":["https:\/\/torreviejasportscity.com\/escuelas-deportivas-municipales\/"]}]},{"@type":"ImageObject","inLanguage":"en-US","@id":"https:\/\/torreviejasportscity.com\/escuelas-deportivas-municipales\/#primaryimage","url":"http:\/\/torreviejasportscity.com\/wp-content\/uploads\/2018\/12\/full.jpg","contentUrl":"http:\/\/torreviejasportscity.com\/wp-content\/uploads\/2018\/12\/full.jpg"},{"@type":"BreadcrumbList","@id":"https:\/\/torreviejasportscity.com\/escuelas-deportivas-municipales\/#breadcrumb","itemListElement":[{"@type":"ListItem","position":1,"name":"Home","item":"https:\/\/torreviejasportscity.com\/"},{"@type":"ListItem","position":2,"name":"Escuelas Deportivas Municipales"}]},{"@type":"WebSite","@id":"https:\/\/torreviejasportscity.com\/#website","url":"https:\/\/torreviejasportscity.com\/","name":"Torrevieja sports city","description":"Torrevieja Ciudad del deporte","potentialAction":[{"@type":"SearchAction","target":{"@type":"EntryPoint","urlTemplate":"https:\/\/torreviejasportscity.com\/?s={search_term_string}"},"query-input":{"@type":"PropertyValueSpecification","valueRequired":true,"valueName":"search_term_string"}}],"inLanguage":"en-US"}]}},"_links":{"self":[{"href":"https:\/\/torreviejasportscity.com\/en\/wp-json\/wp\/v2\/pages\/8075","targetHints":{"allow":["GET"]}}],"collection":[{"href":"https:\/\/torreviejasportscity.com\/en\/wp-json\/wp\/v2\/pages"}],"about":[{"href":"https:\/\/torreviejasportscity.com\/en\/wp-json\/wp\/v2\/types\/page"}],"author":[{"embeddable":true,"href":"https:\/\/torreviejasportscity.com\/en\/wp-json\/wp\/v2\/users\/1"}],"replies":[{"embeddable":true,"href":"https:\/\/torreviejasportscity.com\/en\/wp-json\/wp\/v2\/comments?post=8075"}],"version-history":[{"count":33,"href":"https:\/\/torreviejasportscity.com\/en\/wp-json\/wp\/v2\/pages\/8075\/revisions"}],"predecessor-version":[{"id":10129,"href":"https:\/\/torreviejasportscity.com\/en\/wp-json\/wp\/v2\/pages\/8075\/revisions\/10129"}],"wp:attachment":[{"href":"https:\/\/torreviejasportscity.com\/en\/wp-json\/wp\/v2\/media?parent=8075"}],"curies":[{"name":"wp","href":"https:\/\/api.w.org\/{rel}","templated":true}]}}